{"id":10,"date":"2024-01-02T15:43:40","date_gmt":"2024-01-02T15:43:40","guid":{"rendered":"https:\/\/lionsdisco.com\/?page_id=10"},"modified":"2024-04-14T21:49:57","modified_gmt":"2024-04-14T19:49:57","slug":"reunies","status":"publish","type":"page","link":"https:\/\/lionsdisco.com\/?page_id=10","title":{"rendered":"Re\u00fcnies"},"content":{"rendered":"\n<p>In 1993 besloten de mannen van Lions om de sfeer van weleer terug te halen met een \u00e9\u00e9nmalige re\u00fcnie. Een disco-avond in dezelfde VVA-kantine en het was alsof ze nooit weg geweest waren. Na die re\u00fcnie duurde het 9 jaar tot het weer begon te kriebelen. Dus in 2002 maar weer een keer proberen. Het succes en plezier zorgde ervoor dat er een periode aanbrak waarin elke twee \u00e0 drie jaar een Lions Disco werd georganiseerd. De laatste was in 2014. Tot nu dan&#8230;&#8230;<\/p>\n\n\n\n<ul class=\"wp-block-list\">\n<li><a href=\"https:\/\/lionsdisco.com\/?page_id=2821\" data-type=\"page\" data-id=\"2821\">foto&#8217;s van de Re\u00fcnie van 1993<\/a><\/li>\n\n\n\n<li><a href=\"https:\/\/lionsdisco.com\/?page_id=2819\" data-type=\"page\" data-id=\"2819\">foto&#8217;s van de Re\u00fcnie van 2002<\/a><\/li>\n\n\n\n<li><a href=\"https:\/\/lionsdisco.com\/?page_id=2817\" data-type=\"page\" data-id=\"2817\">foto&#8217;s van de Re\u00fcnie van 2004<\/a><\/li>\n\n\n\n<li><a href=\"https:\/\/lionsdisco.com\/?page_id=2815\" data-type=\"page\" data-id=\"2815\">foto&#8217;s van de Re\u00fcnie van 2006<\/a><\/li>\n\n\n\n<li><a href=\"https:\/\/lionsdisco.com\/?page_id=2813\" data-type=\"page\" data-id=\"2813\">foto&#8217;s van de Re\u00fcnie van 2008<\/a><\/li>\n\n\n\n<li>f<a href=\"https:\/\/lionsdisco.com\/?page_id=2810\" data-type=\"page\" data-id=\"2810\">oto&#8217;s van de Re\u00fcnie van 2011<\/a><\/li>\n\n\n\n<li><a href=\"https:\/\/lionsdisco.com\/?page_id=2787\" data-type=\"page\" data-id=\"2787\">foto&#8217;s van de Re\u00fcnie van 2014<\/a><\/li>\n\n\n\n<li>f<a href=\"https:\/\/lionsdisco.com\/?page_id=3120\" data-type=\"page\" data-id=\"3120\">oto&#8217;s van de Re\u00fcnie van 2024<\/a><\/li>\n<\/ul>\n","protected":false},"excerpt":{"rendered":"<p>In 1993 besloten de mannen van Lions om de sfeer van weleer terug te halen met een \u00e9\u00e9nmalige re\u00fcnie. Een disco-avond in dezelfde VVA-kantine en het was alsof ze nooit weg geweest waren. Na die re\u00fcnie duurde het 9 jaar tot het weer begon te kriebelen. Dus in 2002 maar weer een keer proberen. Het [&hellip;]<\/p>\n","protected":false},"author":1,"featured_media":0,"parent":0,"menu_order":10,"comment_status":"closed","ping_status":"closed","template":"page-with-sidebar","meta":{"pgc_sgb_lightbox_settings":"","footnotes":""},"class_list":["post-10","page","type-page","status-publish","hentry"],"_links":{"self":[{"href":"https:\/\/lionsdisco.com\/index.php?rest_route=\/wp\/v2\/pages\/10","targetHints":{"allow":["GET"]}}],"collection":[{"href":"https:\/\/lionsdisco.com\/index.php?rest_route=\/wp\/v2\/pages"}],"about":[{"href":"https:\/\/lionsdisco.com\/index.php?rest_route=\/wp\/v2\/types\/page"}],"author":[{"embeddable":true,"href":"https:\/\/lionsdisco.com\/index.php?rest_route=\/wp\/v2\/users\/1"}],"replies":[{"embeddable":true,"href":"https:\/\/lionsdisco.com\/index.php?rest_route=%2Fwp%2Fv2%2Fcomments&post=10"}],"version-history":[{"count":43,"href":"https:\/\/lionsdisco.com\/index.php?rest_route=\/wp\/v2\/pages\/10\/revisions"}],"predecessor-version":[{"id":3122,"href":"https:\/\/lionsdisco.com\/index.php?rest_route=\/wp\/v2\/pages\/10\/revisions\/3122"}],"wp:attachment":[{"href":"https:\/\/lionsdisco.com\/index.php?rest_route=%2Fwp%2Fv2%2Fmedia&parent=10"}],"curies":[{"name":"wp","href":"https:\/\/api.w.org\/{rel}","templated":true}]}}