{"id":1595,"date":"2024-01-18T20:00:42","date_gmt":"2024-01-18T19:00:42","guid":{"rendered":"https:\/\/lionsdisco.com\/?page_id=1595"},"modified":"2024-02-14T18:33:41","modified_gmt":"2024-02-14T17:33:41","slug":"home","status":"publish","type":"page","link":"https:\/\/lionsdisco.com\/","title":{"rendered":"Home"},"content":{"rendered":"\n<div class=\"wp-block-query is-layout-flow wp-block-query-is-layout-flow\"><ul class=\"wp-block-post-template is-layout-flow wp-block-post-template-is-layout-flow\"><li class=\"wp-block-post post-3130 post type-post status-publish format-standard hentry category-nieuws\">\n<h2 class=\"wp-block-post-title\">&#8220;Lion&#8217;s Disco zondagavond Top 3&#8221;<\/h2>\n\n<div class=\"entry-content wp-block-post-content is-layout-flow wp-block-post-content-is-layout-flow\">\n<p>elke zondagavond via de facebook pagina van Lion&#8217;s Disco<\/p>\n\n\n\n<p>Met een greep uit de platenbak van Lion&#8217;s Disco <\/p>\n\n\n\n<p>muziek uit de jaren 60, 70 en 80<\/p>\n\n\n\n<figure class=\"wp-block-image size-full\"><img loading=\"lazy\" decoding=\"async\" width=\"1024\" height=\"682\" src=\"https:\/\/lionsdisco.com\/wp-content\/uploads\/2024\/04\/LionsDisco-2024-84-1024x682-1.jpg\" alt=\"\" class=\"wp-image-3131\" srcset=\"https:\/\/lionsdisco.com\/wp-content\/uploads\/2024\/04\/LionsDisco-2024-84-1024x682-1.jpg 1024w, https:\/\/lionsdisco.com\/wp-content\/uploads\/2024\/04\/LionsDisco-2024-84-1024x682-1-300x200.jpg 300w, https:\/\/lionsdisco.com\/wp-content\/uploads\/2024\/04\/LionsDisco-2024-84-1024x682-1-768x512.jpg 768w\" sizes=\"auto, (max-width: 1024px) 100vw, 1024px\" \/><\/figure>\n<\/div>\n\n<div class=\"wp-block-post-date\"><time datetime=\"2024-04-28T17:23:03+02:00\">28\/04\/2024<\/time><\/div>\n<\/li><li class=\"wp-block-post post-3124 post type-post status-publish format-standard hentry category-nieuws\">\n<h2 class=\"wp-block-post-title\">Re\u00fcnie foto&#8217;s<\/h2>\n\n<div class=\"entry-content wp-block-post-content is-layout-flow wp-block-post-content-is-layout-flow\">\n<p>De hele mooie foto&#8217;s die zaterdag gemaakt zijn door Lianda van der Schilden en verwerkt zijn door Peter te Riele zijn nu te zien in onze <a href=\"https:\/\/lionsdisco.com\/?page_id=3120\" data-type=\"page\" data-id=\"3120\"><strong>Re\u00fcnie 2024 map<\/strong><\/a><\/p>\n\n\n\n<figure class=\"wp-block-image size-large\"><img loading=\"lazy\" decoding=\"async\" width=\"1024\" height=\"682\" src=\"https:\/\/lionsdisco.com\/wp-content\/uploads\/2024\/04\/LionsDisco-2024-05-1-1024x682.jpg\" alt=\"\" class=\"wp-image-3125\" srcset=\"https:\/\/lionsdisco.com\/wp-content\/uploads\/2024\/04\/LionsDisco-2024-05-1-1024x682.jpg 1024w, https:\/\/lionsdisco.com\/wp-content\/uploads\/2024\/04\/LionsDisco-2024-05-1-300x200.jpg 300w, https:\/\/lionsdisco.com\/wp-content\/uploads\/2024\/04\/LionsDisco-2024-05-1-768x512.jpg 768w, https:\/\/lionsdisco.com\/wp-content\/uploads\/2024\/04\/LionsDisco-2024-05-1-1536x1024.jpg 1536w, https:\/\/lionsdisco.com\/wp-content\/uploads\/2024\/04\/LionsDisco-2024-05-1.jpg 2000w\" sizes=\"auto, (max-width: 1024px) 100vw, 1024px\" \/><\/figure>\n<\/div>\n\n<div class=\"wp-block-post-date\"><time datetime=\"2024-04-15T09:25:43+02:00\">15\/04\/2024<\/time><\/div>\n<\/li><li class=\"wp-block-post post-2972 post type-post status-publish format-standard hentry category-nieuws\">\n<h2 class=\"wp-block-post-title\">Kaarten.<\/h2>\n\n<div class=\"entry-content wp-block-post-content is-layout-flow wp-block-post-content-is-layout-flow\">\n<p>helaas er zijn geen kaarten meer te bestellen.<\/p>\n\n\n\n<p><\/p>\n\n\n\n<p><\/p>\n<\/div>\n\n<div class=\"wp-block-post-date\"><time datetime=\"2024-04-02T16:17:28+02:00\">02\/04\/2024<\/time><\/div>\n<\/li><li class=\"wp-block-post post-2951 post type-post status-publish format-standard hentry category-nieuws\">\n\n\n<div class=\"entry-content wp-block-post-content is-layout-flow wp-block-post-content-is-layout-flow\">\n<figure class=\"wp-block-image size-large\"><img loading=\"lazy\" decoding=\"async\" width=\"825\" height=\"1024\" src=\"https:\/\/lionsdisco.com\/wp-content\/uploads\/2024\/02\/uitverkocht-825x1024.jpg\" alt=\"\" class=\"wp-image-2952\" srcset=\"https:\/\/lionsdisco.com\/wp-content\/uploads\/2024\/02\/uitverkocht-825x1024.jpg 825w, https:\/\/lionsdisco.com\/wp-content\/uploads\/2024\/02\/uitverkocht-242x300.jpg 242w, https:\/\/lionsdisco.com\/wp-content\/uploads\/2024\/02\/uitverkocht-768x953.jpg 768w, https:\/\/lionsdisco.com\/wp-content\/uploads\/2024\/02\/uitverkocht.jpg 1002w\" sizes=\"auto, (max-width: 825px) 100vw, 825px\" \/><\/figure>\n<\/div>\n\n<div class=\"wp-block-post-date\"><time datetime=\"2024-02-19T13:16:58+01:00\">19\/02\/2024<\/time><\/div>\n<\/li><li class=\"wp-block-post post-41 post type-post status-publish format-standard hentry category-nieuws\">\n<h2 class=\"wp-block-post-title\">Het is rond!<\/h2>\n\n<div class=\"entry-content wp-block-post-content is-layout-flow wp-block-post-content-is-layout-flow\">\n<p>Zaterdag 13 april 2024 is de langverwachte re\u00fcnie van Lions Disco in de oude VVA kantine (nu Buurthuis Hornmeer). 10 jaar na de laatste re\u00fcnie! Ben jij in de jaren 70 en of 80 in de Silveren Draeck geweest, dan is dit mogelijk je laatste kans om daar nog eens lekker uit je dak te gaan.<br><br>Groet. Witte, Willem en Cees<\/p>\n\n\n\n<figure class=\"wp-block-image size-full is-resized\"><img loading=\"lazy\" decoding=\"async\" width=\"1024\" height=\"1024\" src=\"https:\/\/lionsdisco.com\/wp-content\/uploads\/2024\/01\/Lions-ai2.jpg\" alt=\"\" class=\"wp-image-2746\" style=\"width:819px;height:auto\" srcset=\"https:\/\/lionsdisco.com\/wp-content\/uploads\/2024\/01\/Lions-ai2.jpg 1024w, https:\/\/lionsdisco.com\/wp-content\/uploads\/2024\/01\/Lions-ai2-300x300.jpg 300w, https:\/\/lionsdisco.com\/wp-content\/uploads\/2024\/01\/Lions-ai2-150x150.jpg 150w, https:\/\/lionsdisco.com\/wp-content\/uploads\/2024\/01\/Lions-ai2-768x768.jpg 768w\" sizes=\"auto, (max-width: 1024px) 100vw, 1024px\" \/><\/figure>\n<\/div>\n\n<div class=\"wp-block-post-date\"><time datetime=\"2024-01-13T16:54:12+01:00\">13\/01\/2024<\/time><\/div>\n<\/li><li class=\"wp-block-post post-1577 post type-post status-publish format-standard hentry category-nieuws\">\n<h2 class=\"wp-block-post-title\">Kunstkast Aalsmeer<\/h2>\n\n<div class=\"entry-content wp-block-post-content is-layout-flow wp-block-post-content-is-layout-flow\">\n<p>Wat een leuke waardering om terug te zien in het straatbeeld van Aalsmeer.<\/p>\n\n\n\n<p>Lions Disco 1971 t\/m 1986<\/p>\n\n\n\n<figure class=\"wp-block-image size-full\"><img loading=\"lazy\" decoding=\"async\" width=\"771\" height=\"577\" src=\"https:\/\/lionsdisco.com\/wp-content\/uploads\/2024\/01\/lions-kast.png\" alt=\"\" class=\"wp-image-1602\" srcset=\"https:\/\/lionsdisco.com\/wp-content\/uploads\/2024\/01\/lions-kast.png 771w, https:\/\/lionsdisco.com\/wp-content\/uploads\/2024\/01\/lions-kast-300x225.png 300w, https:\/\/lionsdisco.com\/wp-content\/uploads\/2024\/01\/lions-kast-768x575.png 768w\" sizes=\"auto, (max-width: 771px) 100vw, 771px\" \/><\/figure>\n\n\n\n<p>Mogelijk gemaakt door &#8216;Kunstkast Aalsmeer&#8217;<\/p>\n<\/div>\n\n<div class=\"wp-block-post-date\"><time datetime=\"2024-01-01T14:38:40+01:00\">01\/01\/2024<\/time><\/div>\n<\/li><li class=\"wp-block-post post-2698 post type-post status-publish format-standard hentry category-nieuws\">\n<h2 class=\"wp-block-post-title\">Oude poster opgedoken uit het archief<\/h2>\n\n<div class=\"entry-content wp-block-post-content is-layout-flow wp-block-post-content-is-layout-flow\">\n<p><a href=\"https:\/\/www.lionsdisco.com\/lionsdisco-poster.pdf\"><\/a><\/p>\n\n\n\n<p><em>(Cees 18-2-2011<\/em>) Deze is in de jaren 70e gemaakt door Ferdinand Splinter. Hij werd gebruikt voor de aankondiging; wanneer, waar en hoe laat het begon. <\/p>\n\n\n\n<p>Met dank aan; Mike van der Laarse \u2013 Multi Supplies<\/p>\n\n\n\n<figure class=\"wp-block-image size-full\"><img loading=\"lazy\" decoding=\"async\" width=\"508\" height=\"720\" src=\"https:\/\/lionsdisco.com\/wp-content\/uploads\/2024\/01\/FB_20140325_12_46_12_Saved_Picture1.jpg\" alt=\"\" class=\"wp-image-2699\" srcset=\"https:\/\/lionsdisco.com\/wp-content\/uploads\/2024\/01\/FB_20140325_12_46_12_Saved_Picture1.jpg 508w, https:\/\/lionsdisco.com\/wp-content\/uploads\/2024\/01\/FB_20140325_12_46_12_Saved_Picture1-212x300.jpg 212w\" sizes=\"auto, (max-width: 508px) 100vw, 508px\" \/><\/figure>\n<\/div>\n\n<div class=\"wp-block-post-date\"><time datetime=\"2014-02-18T13:31:00+01:00\">18\/02\/2014<\/time><\/div>\n<\/li><li class=\"wp-block-post post-1285 post type-post status-publish format-standard hentry category-nieuws\">\n<h2 class=\"wp-block-post-title\">Lion&#8217;s Disco Re\u00fcnie 2004 was daverend succes!<\/h2>\n\n<div class=\"entry-content wp-block-post-content is-layout-flow wp-block-post-content-is-layout-flow\">\n<p><em>18 oktober<\/em> &#8217;04, Het was vol en oergezellig, de VVA-kantine stond bol van de mensen die kwamen proeven van de Lion&#8217;s sfeer van de jaren 70 en 80. Menigeen hield het niet droog, al waren het geen tranen die vloeiden maar zweetstralen die van de ruggen liepen. Gelukkig was er voldoende &#8220;vocht&#8221; om het tekort aan te vullen en kon er naar hartelust worden gedanst.<\/p>\n\n\n\n<figure class=\"wp-block-image\"><img decoding=\"async\" src=\"https:\/\/lionsdisco.com\/fotos\/2004\/lions001.jpg\" alt=\"\"\/><\/figure>\n\n\n\n<p>Veel te vroeg was klonken de laatste klanken, maar ja, in &#8217;78 ging je om 20:00 uur stappen en was het om 24:00 uur \u00f3\u00f3k afgelopen! Nu zeggen je kinderen, als je om 01:00 uur thuis komt, je nog even gedag en gaan ze pas beginnen. E\u00e9n ding moet je echter niet vergeten&#8230;.. over 2 jaar ben je d&#8217;r w\u00e9\u00e9r bij!<\/p>\n<\/div>\n\n<div class=\"wp-block-post-date\"><time datetime=\"2004-08-18T16:52:00+02:00\">18\/08\/2004<\/time><\/div>\n<\/li><li class=\"wp-block-post post-1180 post type-post status-publish format-standard hentry category-nieuws\">\n<h2 class=\"wp-block-post-title\">Wie staan op deze foto?<\/h2>\n\n<div class=\"entry-content wp-block-post-content is-layout-flow wp-block-post-content-is-layout-flow\">\n<p>Zo af en toe vindt je in een stoffige doos op zolder nog wat oude foto&#8217;s. Met een glimlach op je gezicht staar je ernaar, oh dat is die en daarachter&#8230;.. euh, hoe heet hij ook al weer&#8230;<\/p>\n\n\n\n<p>Tijd voor een oproep: wie herkent zichzelf of iemand anders op deze foto, genomen in de VVA-kantine 1975. Laat het ons weten via het <a href=\"https:\/\/lionsdisco.com\/contact\/\">reactieformulier<\/a><\/p>\n\n\n\n<figure class=\"wp-block-image aligncenter size-full\"><img loading=\"lazy\" decoding=\"async\" width=\"700\" height=\"525\" src=\"https:\/\/lionsdisco.com\/wp-content\/uploads\/2024\/01\/097.jpg\" alt=\"\" class=\"wp-image-1181\" srcset=\"https:\/\/lionsdisco.com\/wp-content\/uploads\/2024\/01\/097.jpg 700w, https:\/\/lionsdisco.com\/wp-content\/uploads\/2024\/01\/097-300x225.jpg 300w\" sizes=\"auto, (max-width: 700px) 100vw, 700px\" \/><\/figure>\n<\/div>\n\n<div class=\"wp-block-post-date\"><time datetime=\"2004-08-15T14:07:00+02:00\">15\/08\/2004<\/time><\/div>\n<\/li><\/ul>\n\n<\/div>\n","protected":false},"excerpt":{"rendered":"","protected":false},"author":1,"featured_media":0,"parent":0,"menu_order":0,"comment_status":"closed","ping_status":"closed","template":"page-with-sidebar","meta":{"pgc_sgb_lightbox_settings":"","footnotes":""},"class_list":["post-1595","page","type-page","status-publish","hentry"],"_links":{"self":[{"href":"https:\/\/lionsdisco.com\/index.php?rest_route=\/wp\/v2\/pages\/1595","targetHints":{"allow":["GET"]}}],"collection":[{"href":"https:\/\/lionsdisco.com\/index.php?rest_route=\/wp\/v2\/pages"}],"about":[{"href":"https:\/\/lionsdisco.com\/index.php?rest_route=\/wp\/v2\/types\/page"}],"author":[{"embeddable":true,"href":"https:\/\/lionsdisco.com\/index.php?rest_route=\/wp\/v2\/users\/1"}],"replies":[{"embeddable":true,"href":"https:\/\/lionsdisco.com\/index.php?rest_route=%2Fwp%2Fv2%2Fcomments&post=1595"}],"version-history":[{"count":22,"href":"https:\/\/lionsdisco.com\/index.php?rest_route=\/wp\/v2\/pages\/1595\/revisions"}],"predecessor-version":[{"id":2681,"href":"https:\/\/lionsdisco.com\/index.php?rest_route=\/wp\/v2\/pages\/1595\/revisions\/2681"}],"wp:attachment":[{"href":"https:\/\/lionsdisco.com\/index.php?rest_route=%2Fwp%2Fv2%2Fmedia&parent=1595"}],"curies":[{"name":"wp","href":"https:\/\/api.w.org\/{rel}","templated":true}]}}